{"id":3042,"date":"2019-10-01T08:42:14","date_gmt":"2019-10-01T06:42:14","guid":{"rendered":"http:\/\/katharina-ruell.com\/?page_id=3042"},"modified":"2024-11-04T16:35:38","modified_gmt":"2024-11-04T14:35:38","slug":"uber-mich","status":"publish","type":"page","link":"https:\/\/katharina-ruell.com\/?page_id=3042","title":{"rendered":"CV"},"content":{"rendered":"\n<div class=\"wp-block-columns is-layout-flex wp-container-core-columns-is-layout-9d6595d7 wp-block-columns-is-layout-flex\">\n<div class=\"wp-block-column is-layout-flow wp-block-column-is-layout-flow\" style=\"flex-basis:100%\">\n<p class=\"has-text-align-left\" style=\"font-size:16px\">geboren 1985 in Augsburg, Deutschland<\/p>\n\n\n\n<p class=\"has-text-align-left\" style=\"font-size:16px\">visuelle K\u00fcnstlerin<\/p>\n\n\n\n<p class=\"has-text-align-left\" style=\"font-size:16px\">lebt und arbeitet in Basel, Schweiz<\/p>\n<\/div>\n<\/div>\n\n\n\n<p class=\"has-medium-font-size\"><strong>Ausbildung<\/strong><\/p>\n\n\n\n<p>2011-2013<\/p>\n\n\n\n<p>Masterstudiengang &#8211; HGK (Hochschule f\u00fcr Gestaltung und Kunst) &#8211; Basel &#8211; Institute Art Gender Nature &#8211; Master of Arts FHNW Fine Arts <\/p>\n\n\n\n<p>2006-2010<\/p>\n\n\n\n<p>Studium an der fAdbK (freien Akademie der bildenden K\u00fcnste) &#8211; Essen &#8211; Fachbereich Bildhauerei \/ Plastik \/ interdisziplin\u00e4re Arbeit &#8211; Meistersch\u00fclerin Michael Seeling<\/p>\n\n\n\n<p>2005-2006<\/p>\n\n\n\n<p>Praktikum &#8211; Holzbildhauerei &#8211; Atelier Sascha Kempter und Ulrike Ott &#8211; Augsburg<\/p><br><\/br>\n\n\n\n<p class=\"has-medium-font-size\"><strong>Auszeichnungen und F\u00f6rderungen<\/strong><\/p>\n\n\n\n<p>2019<\/p>\n\n\n\n<p>Projektbeitrag f\u00fcr die Ausstellung &#8211; <em>mind on moon<\/em> &#8211; Swisslosfond &#8211; Basel<\/p>\n\n\n\n<p>2010<\/p>\n\n\n\n<p>Preistr\u00e4gerin des Essener F\u00f6rderpreises &#8211; Verein f\u00fcr zeitgen\u00f6ssische Kunst und Wissenschaft &#8211; Essen<\/p><br><\/br>\n\n\n\n<p class=\"has-medium-font-size\"><strong>Projekte als Kulturschaffende<\/strong><\/p>\n\n\n\n<p>2023<\/p>\n\n\n\n<p>Kuratorin &#8211; <em>Critical Cuteness<\/em> &#8211; Regionale24 &#8211; FABRIKculture &#8211; H\u00e9genheim<\/p>\n\n\n\n<p>2022<\/p>\n\n\n\n<p>Kuratorin im Kollektiv <em>Zickzack<\/em> &#8211; <em>Im Zweifel Zickzack<\/em> &#8211; Regionale23 &#8211; FABRIKculture H\u00e9genheim<\/p>\n\n\n\n<p>Workshop &#8211; <em>upcycling fashion <\/em>&#8211; Sophie-Scholl-Gemeinschaftsschule &#8211; Dillingen<\/p>\n\n\n\n<p>2019<\/p>\n\n\n\n<p>Gastreferentin &#8211; Pr\u00e4sentation zum Seminar &#8211; <em>Immer diese Wirklichkeit <\/em>&#8211; Uni Kassel<\/p>\n\n\n\n<p>2018<\/p>\n\n\n\n<p>Performerin im Auftrag von Gerda Steiner und J\u00f6rg Lenzlinger &#8211; engagiert f\u00fcr die Ausstellung &#8211; <em>too early to panic <\/em>&#8211; Museum Tinguely &#8211; Basel<\/p>\n\n\n\n<p>2014<\/p>\n\n\n\n<p>Performerin im Auftrag von Marina Abramovich &#8211; engagiert f\u00fcr die Ausstellung <em>MAI-Prototype <\/em>&#8211; Museum Tinguely &#8211; Basel<\/p>\n\n\n\n<p>2012<\/p>\n\n\n\n<p>Jurymitglied &#8211; Auswahlverfahren &#8211; Masterstudiengang &#8211; HGK &#8211; Institute Gender Art Nature &#8211; Basel<\/p>\n\n\n\n<p><\/p>\n\n\n\n<p><\/p>\n\n\n\n<p><\/p>\n\n\n\n<p><\/p>\n\n\n\n<p><\/p>\n\n\n\n<p><\/p>\n\n\n\n<p><\/p>\n\n\n\n<p><\/p>\n\n\n\n<p><\/p>\n\n\n\n<p><\/p>\n\n\n\n<p><\/p>\n\n\n\n<p><\/p>\n\n\n\n<p><\/p>\n\n\n\n<p><\/p>\n\n\n\n<p><\/p>\n\n\n\n<p><\/p>\n\n\n\n<p><\/p>\n","protected":false},"excerpt":{"rendered":"<p>geboren 1985 in Augsburg, Deutschland visuelle K\u00fcnstlerin lebt und arbeitet in Basel, Schweiz Ausbildung 2011-2013 Masterstudiengang &#8211; HGK (Hochschule f\u00fcr Gestaltung und Kunst) &#8211; Basel &#8211; Institute Art Gender Nature &#8211; Master of Arts FHNW Fine Arts 2006-2010 Studium an der fAdbK (freien Akademie der bildenden K\u00fcnste) &#8211; Essen &#8211; Fachbereich Bildhauerei \/ Plastik \/ [&hellip;]<\/p>\n<a class=\"read-more-link\" href=\" https:\/\/katharina-ruell.com\/?page_id=3042 \">Read more<\/a>","protected":false},"author":1,"featured_media":0,"parent":0,"menu_order":0,"comment_status":"closed","ping_status":"closed","template":"","meta":{"footnotes":""},"class_list":["post-3042","page","type-page","status-publish","hentry"],"_links":{"self":[{"href":"https:\/\/katharina-ruell.com\/index.php?rest_route=\/wp\/v2\/pages\/3042","targetHints":{"allow":["GET"]}}],"collection":[{"href":"https:\/\/katharina-ruell.com\/index.php?rest_route=\/wp\/v2\/pages"}],"about":[{"href":"https:\/\/katharina-ruell.com\/index.php?rest_route=\/wp\/v2\/types\/page"}],"author":[{"embeddable":true,"href":"https:\/\/katharina-ruell.com\/index.php?rest_route=\/wp\/v2\/users\/1"}],"replies":[{"embeddable":true,"href":"https:\/\/katharina-ruell.com\/index.php?rest_route=%2Fwp%2Fv2%2Fcomments&post=3042"}],"version-history":[{"count":86,"href":"https:\/\/katharina-ruell.com\/index.php?rest_route=\/wp\/v2\/pages\/3042\/revisions"}],"predecessor-version":[{"id":3673,"href":"https:\/\/katharina-ruell.com\/index.php?rest_route=\/wp\/v2\/pages\/3042\/revisions\/3673"}],"wp:attachment":[{"href":"https:\/\/katharina-ruell.com\/index.php?rest_route=%2Fwp%2Fv2%2Fmedia&parent=3042"}],"curies":[{"name":"wp","href":"https:\/\/api.w.org\/{rel}","templated":true}]}}